{"id":3760,"date":"2022-06-10T09:00:07","date_gmt":"2022-06-10T09:00:07","guid":{"rendered":"https:\/\/elime.novaworks.net\/?page_id=16"},"modified":"2026-03-03T14:12:29","modified_gmt":"2026-03-03T14:12:29","slug":"about-us","status":"publish","type":"page","link":"https:\/\/gallibloom.com\/?page_id=3760","title":{"rendered":"Hakk\u0131m\u0131zda"},"content":{"rendered":"\t\t<div data-elementor-type=\"wp-page\" data-elementor-id=\"3760\" class=\"elementor elementor-3760\">\n\t\t\t\t\t\t<section class=\"elementor-section elementor-top-section elementor-element elementor-element-c3433d4 elementor-section-height-min-height elementor-section-boxed elementor-section-height-default elementor-section-items-middle\" data-id=\"c3433d4\" data-element_type=\"section\" data-e-type=\"section\" data-settings=\"{&quot;background_background&quot;:&quot;classic&quot;}\">\n\t\t\t\t\t\t\t<div class=\"elementor-background-overlay\"><\/div>\n\t\t\t\t\t\t\t<div class=\"elementor-container elementor-column-gap-default\">\n\t\t\t\t\t<div class=\"elementor-column elementor-col-100 elementor-top-column elementor-element elementor-element-3931f83 kitify-col-width-auto-no kitify-disable-relative-no\" data-id=\"3931f83\" data-element_type=\"column\" data-e-type=\"column\">\n\t\t\t<div class=\"elementor-widget-wrap elementor-element-populated\">\n\t\t\t\t\t\t<div class=\"elementor-element elementor-element-e613c50 elementor-widget elementor-widget-spacer\" data-id=\"e613c50\" data-element_type=\"widget\" data-e-type=\"widget\" data-widget_type=\"spacer.default\">\n\t\t\t\t\t\t\t<div class=\"elementor-spacer\">\n\t\t\t<div class=\"elementor-spacer-inner\"><\/div>\n\t\t<\/div>\n\t\t\t\t\t\t<\/div>\n\t\t\t\t<div class=\"elementor-element elementor-element-1aeb01c elementor-widget elementor-widget-heading\" data-id=\"1aeb01c\" data-element_type=\"widget\" data-e-type=\"widget\" data-widget_type=\"heading.default\">\n\t\t\t\t\t<h2 class=\"elementor-heading-title elementor-size-default\">HAKKIMIZDA<\/h2>\t\t\t\t<\/div>\n\t\t\t\t\t<\/div>\n\t\t<\/div>\n\t\t\t\t\t<\/div>\n\t\t<\/section>\n\t\t\t\t<section class=\"elementor-section elementor-top-section elementor-element elementor-element-7156d56 elementor-section-boxed elementor-section-height-default elementor-section-height-default\" data-id=\"7156d56\" data-element_type=\"section\" data-e-type=\"section\" data-settings=\"{&quot;background_background&quot;:&quot;classic&quot;}\">\n\t\t\t\t\t\t<div class=\"elementor-container elementor-column-gap-no\">\n\t\t\t\t\t<div class=\"elementor-column elementor-col-100 elementor-top-column elementor-element elementor-element-61eec99 kitify-col-width-auto-no kitify-disable-relative-no\" data-id=\"61eec99\" data-element_type=\"column\" data-e-type=\"column\">\n\t\t\t<div class=\"elementor-widget-wrap elementor-element-populated\">\n\t\t\t\t\t\t<div class=\"elementor-element elementor-element-488b9cb kitify-breadcrumbs-align-center elementor-widget kitify elementor-kitify-breadcrumbs\" data-id=\"488b9cb\" data-element_type=\"widget\" data-e-type=\"widget\" data-widget_type=\"kitify-breadcrumbs.default\">\n\t\t\t\t<div class=\"elementor-widget-container\">\n\t\t\t\t\t\n\t\t<div class=\"kitify-breadcrumbs\">\n\t\t<div class=\"kitify-breadcrumbs__content\">\n\t\t<div class=\"kitify-breadcrumbs__wrap\"><div class=\"kitify-breadcrumbs__item\"><a href=\"https:\/\/gallibloom.com\/\" class=\"kitify-breadcrumbs__item-link is-home\" rel=\"home\" title=\"Home\">Home<\/a><\/div>\n\t\t<\/div>\n\t\t<\/div>\n\t\t<\/div>\t\t\t\t<\/div>\n\t\t\t\t<\/div>\n\t\t\t\t\t<\/div>\n\t\t<\/div>\n\t\t\t\t\t<\/div>\n\t\t<\/section>\n\t\t\t\t<section class=\"elementor-section elementor-top-section elementor-element elementor-element-5d71ecf elementor-section-content-middle elementor-section-boxed elementor-section-height-default elementor-section-height-default\" data-id=\"5d71ecf\" data-element_type=\"section\" data-e-type=\"section\">\n\t\t\t\t\t\t<div class=\"elementor-container elementor-column-gap-default\">\n\t\t\t\t\t<div class=\"elementor-column elementor-col-33 elementor-top-column elementor-element elementor-element-411b966 kitify-col-width-auto-no kitify-disable-relative-no\" data-id=\"411b966\" data-element_type=\"column\" data-e-type=\"column\">\n\t\t\t<div class=\"elementor-widget-wrap elementor-element-populated\">\n\t\t\t\t\t\t<div class=\"elementor-element elementor-element-b410d36 elementor-widget elementor-widget-image\" data-id=\"b410d36\" data-element_type=\"widget\" data-e-type=\"widget\" data-widget_type=\"image.default\">\n\t\t\t\t\t\t\t\t\t\t\t\t\t\t\t<img fetchpriority=\"high\" decoding=\"async\" width=\"320\" height=\"714\" src=\"https:\/\/gallibloom.com\/wp-content\/uploads\/2026\/03\/h01.jpg\" class=\"attachment-medium_large size-medium_large wp-image-4218\" alt=\"\" srcset=\"https:\/\/gallibloom.com\/wp-content\/uploads\/2026\/03\/h01.jpg 320w, https:\/\/gallibloom.com\/wp-content\/uploads\/2026\/03\/h01-134x300.jpg 134w\" sizes=\"(max-width: 320px) 100vw, 320px\" \/>\t\t\t\t\t\t\t\t\t\t\t\t\t\t\t<\/div>\n\t\t\t\t\t<\/div>\n\t\t<\/div>\n\t\t\t\t<div class=\"elementor-column elementor-col-33 elementor-top-column elementor-element elementor-element-95a438f kitify-col-width-auto-no kitify-disable-relative-no\" data-id=\"95a438f\" data-element_type=\"column\" data-e-type=\"column\">\n\t\t\t<div class=\"elementor-widget-wrap elementor-element-populated\">\n\t\t\t\t\t\t<div class=\"elementor-element elementor-element-b299005 elementor-widget elementor-widget-image\" data-id=\"b299005\" data-element_type=\"widget\" data-e-type=\"widget\" data-widget_type=\"image.default\">\n\t\t\t\t\t\t\t\t\t\t\t\t\t\t\t<img decoding=\"async\" width=\"320\" height=\"714\" src=\"https:\/\/gallibloom.com\/wp-content\/uploads\/2026\/03\/h02-1.jpg\" class=\"attachment-medium_large size-medium_large wp-image-4220\" alt=\"\" srcset=\"https:\/\/gallibloom.com\/wp-content\/uploads\/2026\/03\/h02-1.jpg 320w, https:\/\/gallibloom.com\/wp-content\/uploads\/2026\/03\/h02-1-134x300.jpg 134w\" sizes=\"(max-width: 320px) 100vw, 320px\" \/>\t\t\t\t\t\t\t\t\t\t\t\t\t\t\t<\/div>\n\t\t\t\t\t<\/div>\n\t\t<\/div>\n\t\t\t\t<div class=\"elementor-column elementor-col-33 elementor-top-column elementor-element elementor-element-3e2d964 kitify-col-width-auto-no kitify-disable-relative-no\" data-id=\"3e2d964\" data-element_type=\"column\" data-e-type=\"column\">\n\t\t\t<div class=\"elementor-widget-wrap elementor-element-populated\">\n\t\t\t\t\t\t<div class=\"elementor-element elementor-element-fe2fd89 elementor-widget elementor-widget-heading\" data-id=\"fe2fd89\" data-element_type=\"widget\" data-e-type=\"widget\" data-widget_type=\"heading.default\">\n\t\t\t\t\t<h3 class=\"elementor-heading-title elementor-size-default\">GE\u00c7M\u0130\u015e\u0130N \u0130Z\u0130NDE E\u011eEN\u0130N KALB\u0130NDE<\/h3>\t\t\t\t<\/div>\n\t\t\t\t<div class=\"elementor-element elementor-element-ac018ec elementor-widget elementor-widget-heading\" data-id=\"ac018ec\" data-element_type=\"widget\" data-e-type=\"widget\" data-widget_type=\"heading.default\">\n\t\t\t\t\t<h2 class=\"elementor-heading-title elementor-size-default\">\u00c7ANAKKALE'DEN<br>GELEN ES\u0130NT\u0130<\/h2>\t\t\t\t<\/div>\n\t\t\t\t<div class=\"elementor-element elementor-element-4c9ed39 elementor-widget elementor-widget-spacer\" data-id=\"4c9ed39\" data-element_type=\"widget\" data-e-type=\"widget\" data-widget_type=\"spacer.default\">\n\t\t\t\t\t\t\t<div class=\"elementor-spacer\">\n\t\t\t<div class=\"elementor-spacer-inner\"><\/div>\n\t\t<\/div>\n\t\t\t\t\t\t<\/div>\n\t\t\t\t<div class=\"elementor-element elementor-element-b7e43ff elementor-widget elementor-widget-heading\" data-id=\"b7e43ff\" data-element_type=\"widget\" data-e-type=\"widget\" data-widget_type=\"heading.default\">\n\t\t\t\t\t<div class=\"elementor-heading-title elementor-size-default\"><p style=\"margin-bottom: 0px;font-style: normal;font-size: 13px;line-height: normal\"><\/p>E\u015fsiz bir co\u011frafyada, iki farkl\u0131 denizin bulu\u015ftu\u011fu Gelibolu Yar\u0131madas\u0131\u2019n\u0131n ba\u015flad\u0131\u011f\u0131 noktada yer alan \u00e7iftli\u011fimiz; bir taraf\u0131 Ege\u2019nin serin Saros K\u00f6rfezi\u2019ne, di\u011fer taraf\u0131 Marmara\u2019n\u0131n tarihi Dardanel Bo\u011faz\u0131\u2019na bakar. Bu \u00f6zel konumda, do\u011fan\u0131n hediyesi olan lavanta tarlalar\u0131m\u0131z, ceviz ve badem a\u011fa\u00e7lar\u0131m\u0131z, zeytinliklerimiz, bu\u011fday ve ay\u00e7i\u00e7e\u011fi tarlalar\u0131m\u0131zla bereketli bir yolculu\u011fa \u00e7\u0131k\u0131yoruz.  <br><br>Deniz esintilerinin birbirine kar\u0131\u015ft\u0131\u011f\u0131 bu topraklarda yeti\u015fen bitkilerimiz, topra\u011f\u0131n ve g\u00fcne\u015fin enerjisini \u00f6zenle saklar. Yaz aylar\u0131nda mor \u00e7i\u00e7ekleriyle koku \u015f\u00f6leni sunan lavantam\u0131z, sadece \u00fcr\u00fcnlerimize de\u011fil, ruhlar\u0131m\u0131za da dinginlik katar. Hasad\u0131m\u0131z\u0131, do\u011faya duydu\u011fumuz sayg\u0131yla birle\u015ftiriyor ve elde etti\u011fimiz her \u00fcr\u00fcn\u00fc ayn\u0131 \u00f6zenle i\u015fliyoruz. <br><br>Bizim i\u00e7in burada hayat, do\u011fan\u0131n ritmine e\u015flik etmek demek. \u0130nand\u0131\u011f\u0131m\u0131z de\u011ferler; s\u00fcrd\u00fcr\u00fclebilirlik, \u015feffafl\u0131k ve geleneksel tar\u0131m y\u00f6ntemlerinin modern tekniklerle harmanlanmas\u0131ndan olu\u015fuyor. <br><br>Markam\u0131z Gallibloom bu topra\u011f\u0131n sesi, iki denizin birle\u015fti\u011fi yerde filizlenen bir sevginin \u00f6yk\u00fcs\u00fc. <br>Siz de bu \u00f6yk\u00fcn\u00fcn bir par\u00e7as\u0131 olun; do\u011fay\u0131 hissetmenin, \u00f6z\u00fcn\u00fc ke\u015ffetmenin ve taze bir nefes alman\u0131n keyfini&nbsp;\u00e7\u0131kar\u0131n.<br><\/div>\t\t\t\t<\/div>\n\t\t\t\t<div class=\"elementor-element elementor-element-01f9dcd elementor-widget elementor-widget-spacer\" data-id=\"01f9dcd\" data-element_type=\"widget\" data-e-type=\"widget\" data-widget_type=\"spacer.default\">\n\t\t\t\t\t\t\t<div class=\"elementor-spacer\">\n\t\t\t<div class=\"elementor-spacer-inner\"><\/div>\n\t\t<\/div>\n\t\t\t\t\t\t<\/div>\n\t\t\t\t<div class=\"elementor-element elementor-element-9be7d8d elementor-widget kitify elementor-kitify-button\" data-id=\"9be7d8d\" data-element_type=\"widget\" data-e-type=\"widget\" data-widget_type=\"kitify-button.default\">\n\t\t\t\t<div class=\"elementor-widget-container\">\n\t\t\t\t\t        <div class=\"elementor-button-wrapper\">\n            <a href=\"#\" class=\"elementor-button-link elementor-button elementor-btn-align-icon- elementor-size-sm\" role=\"button\">\n                        <span class=\"elementor-button-content-wrapper\">\n\t\t\t\t\t\t<span class=\"elementor-button-text\">KE\u015eFET<\/span>\n\t\t<\/span>\n                    <\/a>\n        <\/div>\n        \t\t\t\t<\/div>\n\t\t\t\t<\/div>\n\t\t\t\t\t<\/div>\n\t\t<\/div>\n\t\t\t\t\t<\/div>\n\t\t<\/section>\n\t\t\t\t<\/div>\n\t\t","protected":false},"excerpt":{"rendered":"<p>HAKKIMIZDA Home GE\u00c7M\u0130\u015e\u0130N \u0130Z\u0130NDE E\u011eEN\u0130N KALB\u0130NDE \u00c7ANAKKALE&#8217;DENGELEN ES\u0130NT\u0130 E\u015fsiz bir co\u011frafyada, iki farkl\u0131 denizin bulu\u015ftu\u011fu Gelibolu Yar\u0131madas\u0131\u2019n\u0131n ba\u015flad\u0131\u011f\u0131 noktada yer alan \u00e7iftli\u011fimiz; bir taraf\u0131 Ege\u2019nin serin Saros K\u00f6rfezi\u2019ne, di\u011fer taraf\u0131 Marmara\u2019n\u0131n tarihi Dardanel Bo\u011faz\u0131\u2019na bakar. Bu \u00f6zel konumda, do\u011fan\u0131n hediyesi olan lavanta tarlalar\u0131m\u0131z, ceviz ve badem a\u011fa\u00e7lar\u0131m\u0131z, zeytinliklerimiz, bu\u011fday ve ay\u00e7i\u00e7e\u011fi tarlalar\u0131m\u0131zla bereketli bir yolculu\u011fa \u00e7\u0131k\u0131yoruz. Deniz esintilerinin birbirine kar\u0131\u015ft\u0131\u011f\u0131\u2026<\/p>\n","protected":false},"author":1,"featured_media":0,"parent":0,"menu_order":0,"comment_status":"closed","ping_status":"closed","template":"elementor_header_footer","meta":{"footnotes":""},"class_list":["post-3760","page","type-page","status-publish","hentry"],"_links":{"self":[{"href":"https:\/\/gallibloom.com\/index.php?rest_route=\/wp\/v2\/pages\/3760","targetHints":{"allow":["GET"]}}],"collection":[{"href":"https:\/\/gallibloom.com\/index.php?rest_route=\/wp\/v2\/pages"}],"about":[{"href":"https:\/\/gallibloom.com\/index.php?rest_route=\/wp\/v2\/types\/page"}],"author":[{"embeddable":true,"href":"https:\/\/gallibloom.com\/index.php?rest_route=\/wp\/v2\/users\/1"}],"replies":[{"embeddable":true,"href":"https:\/\/gallibloom.com\/index.php?rest_route=%2Fwp%2Fv2%2Fcomments&post=3760"}],"version-history":[{"count":29,"href":"https:\/\/gallibloom.com\/index.php?rest_route=\/wp\/v2\/pages\/3760\/revisions"}],"predecessor-version":[{"id":4232,"href":"https:\/\/gallibloom.com\/index.php?rest_route=\/wp\/v2\/pages\/3760\/revisions\/4232"}],"wp:attachment":[{"href":"https:\/\/gallibloom.com\/index.php?rest_route=%2Fwp%2Fv2%2Fmedia&parent=3760"}],"curies":[{"name":"wp","href":"https:\/\/api.w.org\/{rel}","templated":true}]}}