{"id":3916,"date":"2025-12-13T10:03:08","date_gmt":"2025-12-13T10:03:08","guid":{"rendered":"https:\/\/gallibloom.com\/?post_type=product&#038;p=3916"},"modified":"2025-12-16T10:37:36","modified_gmt":"2025-12-16T10:37:36","slug":"lavantayagi","status":"publish","type":"product","link":"https:\/\/gallibloom.com\/?product=lavantayagi","title":{"rendered":"LAVANTA YA\u011eI 10 ML"},"content":{"rendered":"<p>10 ml hacmiyle pratik kullan\u0131m sunar her an yan\u0131n\u0131zda ta\u015f\u0131yabilece\u011finiz boyutta tasarlanm\u0131\u015ft\u0131r. &#8211; T\u00fcrkiye men\u015feli olup, yerel \u00fcretim kalitesini ve do\u011fal i\u00e7eriklerini garanti eder. &#8211; \u0130ster tek ba\u015f\u0131na kullan\u0131n, ister di\u011fer ya\u011flarla kar\u0131\u015ft\u0131rarak \u00f6zel kar\u0131\u015f\u0131mlar haz\u0131rlay\u0131n \u00e7ok y\u00f6nl\u00fc kullan\u0131m imkan\u0131 sa\u011flar.<\/p>\n<p>\u0130\u00e7indekiler\/Ingredients: %100 Lavandula Angustifolia (Lavender) Flower Oil<\/p>\n<p>Kullan\u0131m\/Usage: Use in aromatherapy, diffuser or topical applications. Dilute with carrier oil before applying to skin. Arometerapi, dif\u00fcz\u00f6r ve masaj uygulamalar\u0131 i\u00e7in uygundur. Cilde uygulamadan \u00f6nce ta\u015f\u0131y\u0131c\u0131 ya\u011f ile seyreltilmesi \u00f6nerilir.<\/p>\n<p>Uyar\u0131lar\/Warnings: For external use only. Avoid contact with eyes and mucous membranes. Sadece harici kullan\u0131m i\u00e7indir. G\u00f6zle ve mukuzayla temasdan ka\u00e7\u0131n\u0131n\u0131z.<\/p>\n<p>Saklama Ko\u015fullar\u0131\/Storage: Store in a cool, dry place away from sunlight. Serin, kuru ve g\u00fcne\u015f \u0131\u015f\u0131\u011f\u0131ndan uzak bir yerde saklay\u0131n\u0131z.<\/p>\n","protected":false},"excerpt":{"rendered":"<p>10 ml hacmiyle pratik kullan\u0131m sunar her an yan\u0131n\u0131zda ta\u015f\u0131yabilece\u011finiz boyutta tasarlanm\u0131\u015ft\u0131r. &#8211; T\u00fcrkiye men\u015feli olup, yerel \u00fcretim kalitesini ve do\u011fal i\u00e7eriklerini garanti eder. &#8211; \u0130ster tek ba\u015f\u0131na kullan\u0131n, ister di\u011fer ya\u011flarla kar\u0131\u015ft\u0131rarak \u00f6zel kar\u0131\u015f\u0131mlar haz\u0131rlay\u0131n \u00e7ok y\u00f6nl\u00fc kullan\u0131m imkan\u0131 sa\u011flar.<\/p>\n","protected":false},"featured_media":4130,"comment_status":"open","ping_status":"closed","template":"","meta":[],"product_brand":[],"product_cat":[181],"product_tag":[165,166,167,183,182,168,169],"class_list":{"0":"post-3916","1":"product","2":"type-product","3":"status-publish","4":"has-post-thumbnail","6":"product_cat-bakim","7":"product_tag-beauty","8":"product_tag-care","9":"product_tag-cosmetic","10":"product_tag-lavander","11":"product_tag-lavanta","12":"product_tag-skin","13":"product_tag-woocommerce","15":"first","16":"instock","17":"taxable","18":"shipping-taxable","19":"purchasable","20":"product-type-simple"},"_links":{"self":[{"href":"https:\/\/gallibloom.com\/index.php?rest_route=\/wp\/v2\/product\/3916","targetHints":{"allow":["GET"]}}],"collection":[{"href":"https:\/\/gallibloom.com\/index.php?rest_route=\/wp\/v2\/product"}],"about":[{"href":"https:\/\/gallibloom.com\/index.php?rest_route=\/wp\/v2\/types\/product"}],"replies":[{"embeddable":true,"href":"https:\/\/gallibloom.com\/index.php?rest_route=%2Fwp%2Fv2%2Fcomments&post=3916"}],"wp:featuredmedia":[{"embeddable":true,"href":"https:\/\/gallibloom.com\/index.php?rest_route=\/wp\/v2\/media\/4130"}],"wp:attachment":[{"href":"https:\/\/gallibloom.com\/index.php?rest_route=%2Fwp%2Fv2%2Fmedia&parent=3916"}],"wp:term":[{"taxonomy":"product_brand","embeddable":true,"href":"https:\/\/gallibloom.com\/index.php?rest_route=%2Fwp%2Fv2%2Fproduct_brand&post=3916"},{"taxonomy":"product_cat","embeddable":true,"href":"https:\/\/gallibloom.com\/index.php?rest_route=%2Fwp%2Fv2%2Fproduct_cat&post=3916"},{"taxonomy":"product_tag","embeddable":true,"href":"https:\/\/gallibloom.com\/index.php?rest_route=%2Fwp%2Fv2%2Fproduct_tag&post=3916"}],"curies":[{"name":"wp","href":"https:\/\/api.w.org\/{rel}","templated":true}]}}