{"id":3917,"date":"2025-12-13T10:03:08","date_gmt":"2025-12-13T10:03:08","guid":{"rendered":"https:\/\/gallibloom.com\/?post_type=product&#038;p=3917"},"modified":"2025-12-17T11:16:23","modified_gmt":"2025-12-17T11:16:23","slug":"cookies-n-dreams","status":"publish","type":"product","link":"https:\/\/gallibloom.com\/?product=cookies-n-dreams","title":{"rendered":"Oda Spreyi"},"content":{"rendered":"<div>Lavanta kokusuyla huzur veren ve rahatlat\u0131c\u0131 bir atmosfer olu\u015fturur. &#8211; 500 ml hacmiyle uzun s\u00fcreli kullan\u0131m imkan\u0131 sunar. &#8211; T\u00fcrkiye&#8217;de \u00fcretilmi\u015f olup, yerel kaynaklardan elde edilen kaliteli i\u00e7eriklerle zenginle\u015ftirilmi\u015ftir.<\/div>\n<div><span class=\"font\"><span class=\"size\">An\u0131nda ferahl\u0131k\u2026 Ya\u015fam alanlar\u0131nda do\u011fan\u0131n \u00a0kokusunu hisset. T\u00fcm y\u00fczeylerde g\u00fcvenle kullan\u0131labilir.<\/span><\/span><\/div>\n<div><\/div>\n<div><span class=\"size\">\u0130\u00e7indekiler\/Ingredients: %100 Lavandula Angustifolia (Lavender) Flower Oil<\/span><\/div>\n<div><span class=\"size\">Kullan\u0131m\/Usage: You will instantly feel the effect with a few sprays in your room. It offers a practical and effective solution. Squeeze 2-3 times. Wait a few minutes for the spray to spread and feel the fresh lavender scent. Odan\u0131za birka\u00e7 s\u0131k\u0131mla an\u0131nda etkisini hissedersiniz. Pratik ve etkili bir \u00e7\u00f6z\u00fcm sunar. 2-3 kez s\u0131k\u0131n. Spreyin yay\u0131lmas\u0131n\u0131 birka\u00e7 dakika bekleyin ve taze lavanta kokusunun hissedin.<\/span><\/div>\n<div><span class=\"size\">Uyar\u0131lar\/Warnings: For external use only. Avoid contact with eyes and mucous membranes. Sadece harici kullan\u0131m i\u00e7indir. G\u00f6zle ve mukozayla temasdan ka\u00e7\u0131n\u0131n\u0131z.<\/span><\/div>\n<div><span class=\"size\">Saklama Ko\u015fullar\u0131\/Storage: Store in a cool, dry place away from sunlight. Serin, kuru ve g\u00fcne\u015f \u0131\u015f\u0131\u011f\u0131ndan uzak bir yerde saklay\u0131n\u0131z.<\/span><\/div>\n","protected":false},"excerpt":{"rendered":"<div>Lavanta kokusuyla huzur veren ve rahatlat\u0131c\u0131 bir atmosfer olu\u015fturur. &#8211; 500 ml hacmiyle uzun s\u00fcreli kullan\u0131m imkan\u0131 sunar. &#8211; T\u00fcrkiye&#8217;de \u00fcretilmi\u015f olup, yerel kaynaklardan elde edilen kaliteli i\u00e7eriklerle zenginle\u015ftirilmi\u015ftir.<\/div>\n<div><span class=\"font\"><span class=\"size\">An\u0131nda ferahl\u0131k\u2026 Ya\u015fam alanlar\u0131nda do\u011fan\u0131n \u00a0kokusunu hisset. T\u00fcm y\u00fczeylerde g\u00fcvenle kullan\u0131labilir.<\/span><\/span><\/div>\n","protected":false},"featured_media":4156,"comment_status":"open","ping_status":"closed","template":"","meta":[],"product_brand":[],"product_cat":[184],"product_tag":[186,185,169],"class_list":{"0":"post-3917","1":"product","2":"type-product","3":"status-publish","4":"has-post-thumbnail","6":"product_cat-oda-sprey","7":"product_tag-koku","8":"product_tag-sprey","9":"product_tag-woocommerce","11":"first","12":"instock","13":"taxable","14":"shipping-taxable","15":"product-type-external"},"_links":{"self":[{"href":"https:\/\/gallibloom.com\/index.php?rest_route=\/wp\/v2\/product\/3917","targetHints":{"allow":["GET"]}}],"collection":[{"href":"https:\/\/gallibloom.com\/index.php?rest_route=\/wp\/v2\/product"}],"about":[{"href":"https:\/\/gallibloom.com\/index.php?rest_route=\/wp\/v2\/types\/product"}],"replies":[{"embeddable":true,"href":"https:\/\/gallibloom.com\/index.php?rest_route=%2Fwp%2Fv2%2Fcomments&post=3917"}],"wp:featuredmedia":[{"embeddable":true,"href":"https:\/\/gallibloom.com\/index.php?rest_route=\/wp\/v2\/media\/4156"}],"wp:attachment":[{"href":"https:\/\/gallibloom.com\/index.php?rest_route=%2Fwp%2Fv2%2Fmedia&parent=3917"}],"wp:term":[{"taxonomy":"product_brand","embeddable":true,"href":"https:\/\/gallibloom.com\/index.php?rest_route=%2Fwp%2Fv2%2Fproduct_brand&post=3917"},{"taxonomy":"product_cat","embeddable":true,"href":"https:\/\/gallibloom.com\/index.php?rest_route=%2Fwp%2Fv2%2Fproduct_cat&post=3917"},{"taxonomy":"product_tag","embeddable":true,"href":"https:\/\/gallibloom.com\/index.php?rest_route=%2Fwp%2Fv2%2Fproduct_tag&post=3917"}],"curies":[{"name":"wp","href":"https:\/\/api.w.org\/{rel}","templated":true}]}}