{"id":3918,"date":"2025-12-13T10:03:08","date_gmt":"2025-12-13T10:03:08","guid":{"rendered":"https:\/\/gallibloom.com\/?post_type=product&#038;p=3918"},"modified":"2025-12-17T11:25:56","modified_gmt":"2025-12-17T11:25:56","slug":"lash-it-loud-mascara","status":"publish","type":"product","link":"https:\/\/gallibloom.com\/?product=lash-it-loud-mascara","title":{"rendered":"WELLNESS &#038; SPA SET\u0130"},"content":{"rendered":"<p>Ya\u011f + Oda Spreyi + Yast\u0131k + Demet<\/p>\n","protected":false},"excerpt":{"rendered":"<p>Ya\u011f + Oda Spreyi + Yast\u0131k + Demet<\/p>\n","protected":false},"featured_media":4158,"comment_status":"open","ping_status":"closed","template":"","meta":[],"product_brand":[],"product_cat":[181,164],"product_tag":[165,168,187,169],"class_list":{"0":"post-3918","1":"product","2":"type-product","3":"status-publish","4":"has-post-thumbnail","6":"product_cat-bakim","7":"product_cat-wellness","8":"product_tag-beauty","9":"product_tag-skin","10":"product_tag-wellness","11":"product_tag-woocommerce","13":"first","14":"instock","15":"taxable","16":"shipping-taxable","17":"purchasable","18":"product-type-simple"},"_links":{"self":[{"href":"https:\/\/gallibloom.com\/index.php?rest_route=\/wp\/v2\/product\/3918","targetHints":{"allow":["GET"]}}],"collection":[{"href":"https:\/\/gallibloom.com\/index.php?rest_route=\/wp\/v2\/product"}],"about":[{"href":"https:\/\/gallibloom.com\/index.php?rest_route=\/wp\/v2\/types\/product"}],"replies":[{"embeddable":true,"href":"https:\/\/gallibloom.com\/index.php?rest_route=%2Fwp%2Fv2%2Fcomments&post=3918"}],"wp:featuredmedia":[{"embeddable":true,"href":"https:\/\/gallibloom.com\/index.php?rest_route=\/wp\/v2\/media\/4158"}],"wp:attachment":[{"href":"https:\/\/gallibloom.com\/index.php?rest_route=%2Fwp%2Fv2%2Fmedia&parent=3918"}],"wp:term":[{"taxonomy":"product_brand","embeddable":true,"href":"https:\/\/gallibloom.com\/index.php?rest_route=%2Fwp%2Fv2%2Fproduct_brand&post=3918"},{"taxonomy":"product_cat","embeddable":true,"href":"https:\/\/gallibloom.com\/index.php?rest_route=%2Fwp%2Fv2%2Fproduct_cat&post=3918"},{"taxonomy":"product_tag","embeddable":true,"href":"https:\/\/gallibloom.com\/index.php?rest_route=%2Fwp%2Fv2%2Fproduct_tag&post=3918"}],"curies":[{"name":"wp","href":"https:\/\/api.w.org\/{rel}","templated":true}]}}