{"id":3919,"date":"2025-12-13T10:03:08","date_gmt":"2025-12-13T10:03:08","guid":{"rendered":"https:\/\/gallibloom.com\/?post_type=product&#038;p=3919"},"modified":"2025-12-17T11:49:12","modified_gmt":"2025-12-17T11:49:12","slug":"glossy-lip-stain-stick","status":"publish","type":"product","link":"https:\/\/gallibloom.com\/?product=glossy-lip-stain-stick","title":{"rendered":"LAVANTA YASTI\u011eI &#8211; MOT\u0130FL\u0130 01"},"content":{"rendered":"<p>%100 do\u011fal lavanta \u00e7i\u00e7ekleri, bu\u011fday kabu\u011fu. \u00a0Yast\u0131\u011f\u0131n\u0131z\u0131n yan\u0131na veya alt\u0131na koyarak huzurlu bir uykuya dalabilirsiniz.<\/p>\n","protected":false},"excerpt":{"rendered":"<p>%100 do\u011fal lavanta \u00e7i\u00e7ekleri, bu\u011fday kabu\u011fu. \u00a0Yast\u0131\u011f\u0131n\u0131z\u0131n yan\u0131na veya alt\u0131na koyarak huzurlu bir uykuya dalabilirsiniz.<\/p>\n","protected":false},"featured_media":4160,"comment_status":"open","ping_status":"closed","template":"","meta":[],"product_brand":[],"product_cat":[189,188],"product_tag":[191,169,190],"class_list":{"0":"post-3919","1":"product","2":"type-product","3":"status-publish","4":"has-post-thumbnail","6":"product_cat-tekstil","7":"product_cat-yastik","8":"product_tag-tekstil","9":"product_tag-woocommerce","10":"product_tag-yastik","12":"first","13":"instock","14":"sale","15":"downloadable","16":"taxable","17":"shipping-taxable","18":"purchasable","19":"product-type-simple"},"_links":{"self":[{"href":"https:\/\/gallibloom.com\/index.php?rest_route=\/wp\/v2\/product\/3919","targetHints":{"allow":["GET"]}}],"collection":[{"href":"https:\/\/gallibloom.com\/index.php?rest_route=\/wp\/v2\/product"}],"about":[{"href":"https:\/\/gallibloom.com\/index.php?rest_route=\/wp\/v2\/types\/product"}],"replies":[{"embeddable":true,"href":"https:\/\/gallibloom.com\/index.php?rest_route=%2Fwp%2Fv2%2Fcomments&post=3919"}],"wp:featuredmedia":[{"embeddable":true,"href":"https:\/\/gallibloom.com\/index.php?rest_route=\/wp\/v2\/media\/4160"}],"wp:attachment":[{"href":"https:\/\/gallibloom.com\/index.php?rest_route=%2Fwp%2Fv2%2Fmedia&parent=3919"}],"wp:term":[{"taxonomy":"product_brand","embeddable":true,"href":"https:\/\/gallibloom.com\/index.php?rest_route=%2Fwp%2Fv2%2Fproduct_brand&post=3919"},{"taxonomy":"product_cat","embeddable":true,"href":"https:\/\/gallibloom.com\/index.php?rest_route=%2Fwp%2Fv2%2Fproduct_cat&post=3919"},{"taxonomy":"product_tag","embeddable":true,"href":"https:\/\/gallibloom.com\/index.php?rest_route=%2Fwp%2Fv2%2Fproduct_tag&post=3919"}],"curies":[{"name":"wp","href":"https:\/\/api.w.org\/{rel}","templated":true}]}}