{"id":3921,"date":"2025-12-13T10:03:08","date_gmt":"2025-12-13T10:03:08","guid":{"rendered":"https:\/\/gallibloom.com\/?post_type=product&#038;p=3921"},"modified":"2026-01-05T11:48:43","modified_gmt":"2026-01-05T11:48:43","slug":"sheer-shine-lipstick-shade","status":"publish","type":"product","link":"https:\/\/gallibloom.com\/?product=sheer-shine-lipstick-shade","title":{"rendered":"LAVANTA YASTI\u011eI &#8211; MOT\u0130FL\u0130 02"},"content":{"rendered":"<p class=\"product-description-content\">%100 do\u011fal lavanta \u00e7i\u00e7ekleri, bu\u011fday kabu\u011fu ve lavanta tanesi dolgulu yast\u0131k. \u0130\u00e7 Astarl\u0131d\u0131r.<\/p>\n<p class=\"product-description-content\">D\u0131\u015f k\u0131l\u0131f \u00e7\u0131kar\u0131l\u0131p y\u0131kanabilir. El yap\u0131m\u0131, kad\u0131n eme\u011fidir.<\/p>\n<p class=\"product-description-content\">Hem d\u0131\u015f hem i\u00e7i do\u011fal pamuktur. Yast\u0131\u011f\u0131n\u0131z\u0131n yan\u0131na veya alt\u0131na koyarak huzurlu bir uykuya dalabilirsiniz.<\/p>\n<p class=\"product-description-content\">Kendinize ya da sevdi\u011finiz birine k\u00fc\u00e7\u00fck bir iyilik\u2026 Kendinize ya da sevdi\u011finiz birine k\u00fc\u00e7\u00fck bir iyilik\u2026 Gallibloom Lavanta Yast\u0131\u011f\u0131, hafif yap\u0131s\u0131 ve yumu\u015fak lavanta kokusuyla g\u00fcn\u00fcn yorgunlu\u011funu nazik\u00e7e al\u0131r.<\/p>\n<p class=\"product-description-content\">Ba\u015fucunda, koltukta ya da valizde size e\u015flik eder.<\/p>\n<p class=\"product-description-content\">Do\u011fal, sade ve i\u00e7ten bir hediye.<\/p>\n","protected":false},"excerpt":{"rendered":"<p>%100 do\u011fal lavanta \u00e7i\u00e7ekleri, bu\u011fday kabu\u011fu ve lavanta tanesi dolgulu el yap\u0131m\u0131 yast\u0131k.<\/p>\n","protected":false},"featured_media":4172,"comment_status":"open","ping_status":"closed","template":"","meta":[],"product_brand":[],"product_cat":[189,188],"product_tag":[165,166,167,168,169],"class_list":{"0":"post-3921","1":"product","2":"type-product","3":"status-publish","4":"has-post-thumbnail","6":"product_cat-tekstil","7":"product_cat-yastik","8":"product_tag-beauty","9":"product_tag-care","10":"product_tag-cosmetic","11":"product_tag-skin","12":"product_tag-woocommerce","14":"first","15":"instock","16":"taxable","17":"shipping-taxable","18":"purchasable","19":"product-type-simple"},"_links":{"self":[{"href":"https:\/\/gallibloom.com\/index.php?rest_route=\/wp\/v2\/product\/3921","targetHints":{"allow":["GET"]}}],"collection":[{"href":"https:\/\/gallibloom.com\/index.php?rest_route=\/wp\/v2\/product"}],"about":[{"href":"https:\/\/gallibloom.com\/index.php?rest_route=\/wp\/v2\/types\/product"}],"replies":[{"embeddable":true,"href":"https:\/\/gallibloom.com\/index.php?rest_route=%2Fwp%2Fv2%2Fcomments&post=3921"}],"wp:featuredmedia":[{"embeddable":true,"href":"https:\/\/gallibloom.com\/index.php?rest_route=\/wp\/v2\/media\/4172"}],"wp:attachment":[{"href":"https:\/\/gallibloom.com\/index.php?rest_route=%2Fwp%2Fv2%2Fmedia&parent=3921"}],"wp:term":[{"taxonomy":"product_brand","embeddable":true,"href":"https:\/\/gallibloom.com\/index.php?rest_route=%2Fwp%2Fv2%2Fproduct_brand&post=3921"},{"taxonomy":"product_cat","embeddable":true,"href":"https:\/\/gallibloom.com\/index.php?rest_route=%2Fwp%2Fv2%2Fproduct_cat&post=3921"},{"taxonomy":"product_tag","embeddable":true,"href":"https:\/\/gallibloom.com\/index.php?rest_route=%2Fwp%2Fv2%2Fproduct_tag&post=3921"}],"curies":[{"name":"wp","href":"https:\/\/api.w.org\/{rel}","templated":true}]}}