{"id":3922,"date":"2025-12-13T10:03:09","date_gmt":"2025-12-13T10:03:09","guid":{"rendered":"https:\/\/gallibloom.com\/?post_type=product&#038;p=3922"},"modified":"2026-01-14T08:54:31","modified_gmt":"2026-01-14T08:54:31","slug":"pure-color-envy-sculpting","status":"publish","type":"product","link":"https:\/\/gallibloom.com\/?product=pure-color-envy-sculpting","title":{"rendered":"Lavanta Demet ve T\u00fcts\u00fc"},"content":{"rendered":"<p>Rit\u00fcellerin tamamlay\u0131c\u0131s\u0131&#8230;Niyetine \u00a0e\u015flik etsin, alan\u0131na \u015fifa getirsin.<\/p>\n","protected":false},"excerpt":{"rendered":"<p>Rit\u00fcellerin tamamlay\u0131c\u0131s\u0131&#8230;Niyetine \u00a0e\u015flik etsin, alan\u0131na \u015fifa getirsin.<\/p>\n","protected":false},"featured_media":4175,"comment_status":"open","ping_status":"closed","template":"","meta":[],"product_brand":[],"product_cat":[159,160,161,162,163,164],"product_tag":[165,166,167,168,169],"class_list":{"0":"post-3922","1":"product","2":"type-product","3":"status-publish","4":"has-post-thumbnail","6":"product_cat-candles","7":"product_cat-fragrance","8":"product_cat-hair","9":"product_cat-makeup","10":"product_cat-skin","11":"product_cat-wellness","12":"product_tag-beauty","13":"product_tag-care","14":"product_tag-cosmetic","15":"product_tag-skin","16":"product_tag-woocommerce","18":"first","19":"instock","20":"taxable","21":"shipping-taxable","22":"purchasable","23":"product-type-simple"},"_links":{"self":[{"href":"https:\/\/gallibloom.com\/index.php?rest_route=\/wp\/v2\/product\/3922","targetHints":{"allow":["GET"]}}],"collection":[{"href":"https:\/\/gallibloom.com\/index.php?rest_route=\/wp\/v2\/product"}],"about":[{"href":"https:\/\/gallibloom.com\/index.php?rest_route=\/wp\/v2\/types\/product"}],"replies":[{"embeddable":true,"href":"https:\/\/gallibloom.com\/index.php?rest_route=%2Fwp%2Fv2%2Fcomments&post=3922"}],"wp:featuredmedia":[{"embeddable":true,"href":"https:\/\/gallibloom.com\/index.php?rest_route=\/wp\/v2\/media\/4175"}],"wp:attachment":[{"href":"https:\/\/gallibloom.com\/index.php?rest_route=%2Fwp%2Fv2%2Fmedia&parent=3922"}],"wp:term":[{"taxonomy":"product_brand","embeddable":true,"href":"https:\/\/gallibloom.com\/index.php?rest_route=%2Fwp%2Fv2%2Fproduct_brand&post=3922"},{"taxonomy":"product_cat","embeddable":true,"href":"https:\/\/gallibloom.com\/index.php?rest_route=%2Fwp%2Fv2%2Fproduct_cat&post=3922"},{"taxonomy":"product_tag","embeddable":true,"href":"https:\/\/gallibloom.com\/index.php?rest_route=%2Fwp%2Fv2%2Fproduct_tag&post=3922"}],"curies":[{"name":"wp","href":"https:\/\/api.w.org\/{rel}","templated":true}]}}